{"id":4491,"date":"2020-08-28T13:09:20","date_gmt":"2020-08-28T10:09:20","guid":{"rendered":"http:\/\/wpzoom.com\/magnet\/demo\/?page_id=2"},"modified":"2022-05-25T00:15:51","modified_gmt":"2022-05-24T21:15:51","slug":"meista","status":"publish","type":"page","link":"https:\/\/www.skalhelsinki.fi\/fi\/meista\/","title":{"rendered":"Meist\u00e4"},"content":{"rendered":"<h3>\n\t\t\t\t\tSK\u00c5L HELSINKI\n\t\t\t\t<\/h3>\n\t<p>Sk\u00e5l Helsinki on moderni ja luova digitaalisen ajan tuotantoyhti\u00f6. Yli kymmenen vuoden kokemus mainoselokuvien tekemisest\u00e4 ja taustamme mainosmaailmasta, auttaa meit\u00e4 ymm\u00e4rt\u00e4m\u00e4\u00e4n ja t\u00e4ytt\u00e4m\u00e4\u00e4n digitaalisen ajan tarinankerronnan ja korkean tuotantoarvon vaatimukset. Osaamme luoda kiinnostavaa ja erottuvaa sis\u00e4lt\u00f6\u00e4 digitaalisille mainosalustoille, unohtamatta perinteisi\u00e4 alustoja kuten televisiota.<\/p>\n<p>Haluamme palvella asiakkaitamme parhaalla mahdollisella tavalla ja ylitt\u00e4\u00e4 heid\u00e4n odotuksensa tuotantokokemuksen ja lopputuloksen suhteen. Teemme kaiken kokoisia tuotantoja sosiaalisen median animaatioista aina television mainoselokuvatuotantoihin.<\/p>\n\t\t\t\t<img loading=\"lazy\" decoding=\"async\" src=\"https:\/\/www.skalhelsinki.fi\/wp-content\/uploads\/2022\/05\/DSC07777-Edit.jpg\" alt=\"ryhm\u00e4kuva\" itemprop=\"image\" height=\"1366\" width=\"2048\" title=\"ryhm\u00e4kuva\" onerror=\"this.style.display='none'\"  \/>\n\t\t\t<a href=\"http:\/\/www.skalhelsinki.fi\/fi\/yhteystiedot\/\" target=\"_self\" role=\"button\" rel=\"noopener\">\n\t\t\t\t\t\tOTA YHTEYTT\u00c4\n\t\t<\/a>","protected":false},"excerpt":{"rendered":"<p>Sk\u00e5l Helsinki on moderni ja luova digitaalisen ajan tuotantoyhti\u00f6. Ymm\u00e4rr\u00e4mme modernin tarinankerronnan vaatimukset. <\/p>","protected":false},"author":2,"featured_media":6506,"parent":0,"menu_order":0,"comment_status":"closed","ping_status":"closed","template":"","meta":{"inspiro_page_layout":"narrow","inspiro_hide_title":false,"footnotes":""},"class_list":["post-4491","page","type-page","status-publish","has-post-thumbnail","hentry"],"yoast_head":"<!-- This site is optimized with the Yoast SEO plugin v26.1.1 - https:\/\/yoast.com\/wordpress\/plugins\/seo\/ -->\n<title>Sk\u00e5l Helsinki - About Us - We are a creative production company<\/title>\n<meta name=\"description\" content=\"Sk\u00e5l Helsinki is a creative production company of the modern digital age. We understand the needs of modern storytelling.\" \/>\n<meta name=\"robots\" content=\"index, follow, max-snippet:-1, max-image-preview:large, max-video-preview:-1\" \/>\n<link rel=\"canonical\" href=\"https:\/\/www.skalhelsinki.fi\/fi\/meista\/\" \/>\n<meta property=\"og:locale\" content=\"fi_FI\" \/>\n<meta property=\"og:type\" content=\"article\" \/>\n<meta property=\"og:title\" content=\"Sk\u00e5l Helsinki - About Us - We are a creative production company\" \/>\n<meta property=\"og:description\" content=\"Sk\u00e5l Helsinki is a creative production company of the modern digital age. We understand the needs of modern storytelling.\" \/>\n<meta property=\"og:url\" content=\"https:\/\/www.skalhelsinki.fi\/fi\/meista\/\" \/>\n<meta property=\"og:site_name\" content=\"Sk\u00e5l Helsinki\" \/>\n<meta property=\"article:publisher\" content=\"https:\/\/www.facebook.com\/skalhelsinki\" \/>\n<meta property=\"article:modified_time\" content=\"2022-05-24T21:15:51+00:00\" \/>\n<meta property=\"og:image\" content=\"https:\/\/www.skalhelsinki.fi\/wp-content\/uploads\/2020\/08\/about_us.jpg\" \/>\n\t<meta property=\"og:image:width\" content=\"2560\" \/>\n\t<meta property=\"og:image:height\" content=\"1440\" \/>\n\t<meta property=\"og:image:type\" content=\"image\/jpeg\" \/>\n<meta name=\"twitter:card\" content=\"summary_large_image\" \/>\n<meta name=\"twitter:label1\" content=\"Arvioitu lukuaika\" \/>\n\t<meta name=\"twitter:data1\" content=\"1 minuutti\" \/>\n<script type=\"application\/ld+json\" class=\"yoast-schema-graph\">{\"@context\":\"https:\/\/schema.org\",\"@graph\":[{\"@type\":[\"WebPage\",\"AboutPage\"],\"@id\":\"https:\/\/www.skalhelsinki.fi\/about-us\/\",\"url\":\"https:\/\/www.skalhelsinki.fi\/about-us\/\",\"name\":\"Sk\u00e5l Helsinki - About Us - We are a creative production company\",\"isPartOf\":{\"@id\":\"https:\/\/www.skalhelsinki.fi\/#website\"},\"primaryImageOfPage\":{\"@id\":\"https:\/\/www.skalhelsinki.fi\/about-us\/#primaryimage\"},\"image\":{\"@id\":\"https:\/\/www.skalhelsinki.fi\/about-us\/#primaryimage\"},\"thumbnailUrl\":\"https:\/\/www.skalhelsinki.fi\/wp-content\/uploads\/2020\/08\/about_us.jpg\",\"datePublished\":\"2020-08-28T10:09:20+00:00\",\"dateModified\":\"2022-05-24T21:15:51+00:00\",\"description\":\"Sk\u00e5l Helsinki is a creative production company of the modern digital age. We understand the needs of modern storytelling.\",\"breadcrumb\":{\"@id\":\"https:\/\/www.skalhelsinki.fi\/about-us\/#breadcrumb\"},\"inLanguage\":\"fi\",\"potentialAction\":[{\"@type\":\"ReadAction\",\"target\":[\"https:\/\/www.skalhelsinki.fi\/about-us\/\"]}]},{\"@type\":\"ImageObject\",\"inLanguage\":\"fi\",\"@id\":\"https:\/\/www.skalhelsinki.fi\/about-us\/#primaryimage\",\"url\":\"https:\/\/www.skalhelsinki.fi\/wp-content\/uploads\/2020\/08\/about_us.jpg\",\"contentUrl\":\"https:\/\/www.skalhelsinki.fi\/wp-content\/uploads\/2020\/08\/about_us.jpg\",\"width\":2560,\"height\":1440},{\"@type\":\"BreadcrumbList\",\"@id\":\"https:\/\/www.skalhelsinki.fi\/about-us\/#breadcrumb\",\"itemListElement\":[{\"@type\":\"ListItem\",\"position\":1,\"name\":\"Home\",\"item\":\"https:\/\/www.skalhelsinki.fi\/\"},{\"@type\":\"ListItem\",\"position\":2,\"name\":\"About Us\"}]},{\"@type\":\"WebSite\",\"@id\":\"https:\/\/www.skalhelsinki.fi\/#website\",\"url\":\"https:\/\/www.skalhelsinki.fi\/\",\"name\":\"Sk\u00e5l Helsinki\",\"description\":\"A creative production company\",\"publisher\":{\"@id\":\"https:\/\/www.skalhelsinki.fi\/#organization\"},\"potentialAction\":[{\"@type\":\"SearchAction\",\"target\":{\"@type\":\"EntryPoint\",\"urlTemplate\":\"https:\/\/www.skalhelsinki.fi\/?s={search_term_string}\"},\"query-input\":{\"@type\":\"PropertyValueSpecification\",\"valueRequired\":true,\"valueName\":\"search_term_string\"}}],\"inLanguage\":\"fi\"},{\"@type\":\"Organization\",\"@id\":\"https:\/\/www.skalhelsinki.fi\/#organization\",\"name\":\"Sk\u00e5l Helsinki\",\"url\":\"https:\/\/www.skalhelsinki.fi\/\",\"logo\":{\"@type\":\"ImageObject\",\"inLanguage\":\"fi\",\"@id\":\"https:\/\/www.skalhelsinki.fi\/#\/schema\/logo\/image\/\",\"url\":\"https:\/\/www.skalhelsinki.fi\/wp-content\/uploads\/2020\/03\/cropped-android-chrome-512x512-1-1.png\",\"contentUrl\":\"https:\/\/www.skalhelsinki.fi\/wp-content\/uploads\/2020\/03\/cropped-android-chrome-512x512-1-1.png\",\"width\":512,\"height\":512,\"caption\":\"Sk\u00e5l Helsinki\"},\"image\":{\"@id\":\"https:\/\/www.skalhelsinki.fi\/#\/schema\/logo\/image\/\"},\"sameAs\":[\"https:\/\/www.facebook.com\/skalhelsinki\",\"https:\/\/www.instagram.com\/skalhelsinki\/\",\"https:\/\/www.linkedin.com\/company\/skalhelsinki\"]}]}<\/script>\n<!-- \/ Yoast SEO plugin. -->","yoast_head_json":{"title":"Sk\u00e5l Helsinki - About Us - We are a creative production company","description":"Sk\u00e5l Helsinki on moderni ja luova digitaalisen ajan tuotantoyhti\u00f6. Ymm\u00e4rr\u00e4mme modernin tarinankerronnan vaatimukset.","robots":{"index":"index","follow":"follow","max-snippet":"max-snippet:-1","max-image-preview":"max-image-preview:large","max-video-preview":"max-video-preview:-1"},"canonical":"https:\/\/www.skalhelsinki.fi\/fi\/meista\/","og_locale":"fi_FI","og_type":"article","og_title":"Sk\u00e5l Helsinki - About Us - We are a creative production company","og_description":"Sk\u00e5l Helsinki is a creative production company of the modern digital age. We understand the needs of modern storytelling.","og_url":"https:\/\/www.skalhelsinki.fi\/fi\/meista\/","og_site_name":"Sk\u00e5l Helsinki","article_publisher":"https:\/\/www.facebook.com\/skalhelsinki","article_modified_time":"2022-05-24T21:15:51+00:00","og_image":[{"width":2560,"height":1440,"url":"https:\/\/www.skalhelsinki.fi\/wp-content\/uploads\/2020\/08\/about_us.jpg","type":"image\/jpeg"}],"twitter_card":"summary_large_image","twitter_misc":{"Arvioitu lukuaika":"1 minuutti"},"schema":{"@context":"https:\/\/schema.org","@graph":[{"@type":["WebPage","AboutPage"],"@id":"https:\/\/www.skalhelsinki.fi\/about-us\/","url":"https:\/\/www.skalhelsinki.fi\/about-us\/","name":"Sk\u00e5l Helsinki - About Us - We are a creative production company","isPartOf":{"@id":"https:\/\/www.skalhelsinki.fi\/#website"},"primaryImageOfPage":{"@id":"https:\/\/www.skalhelsinki.fi\/about-us\/#primaryimage"},"image":{"@id":"https:\/\/www.skalhelsinki.fi\/about-us\/#primaryimage"},"thumbnailUrl":"https:\/\/www.skalhelsinki.fi\/wp-content\/uploads\/2020\/08\/about_us.jpg","datePublished":"2020-08-28T10:09:20+00:00","dateModified":"2022-05-24T21:15:51+00:00","description":"Sk\u00e5l Helsinki on moderni ja luova digitaalisen ajan tuotantoyhti\u00f6. Ymm\u00e4rr\u00e4mme modernin tarinankerronnan vaatimukset.","breadcrumb":{"@id":"https:\/\/www.skalhelsinki.fi\/about-us\/#breadcrumb"},"inLanguage":"fi","potentialAction":[{"@type":"ReadAction","target":["https:\/\/www.skalhelsinki.fi\/about-us\/"]}]},{"@type":"ImageObject","inLanguage":"fi","@id":"https:\/\/www.skalhelsinki.fi\/about-us\/#primaryimage","url":"https:\/\/www.skalhelsinki.fi\/wp-content\/uploads\/2020\/08\/about_us.jpg","contentUrl":"https:\/\/www.skalhelsinki.fi\/wp-content\/uploads\/2020\/08\/about_us.jpg","width":2560,"height":1440},{"@type":"BreadcrumbList","@id":"https:\/\/www.skalhelsinki.fi\/about-us\/#breadcrumb","itemListElement":[{"@type":"ListItem","position":1,"name":"Home","item":"https:\/\/www.skalhelsinki.fi\/"},{"@type":"ListItem","position":2,"name":"About Us"}]},{"@type":"WebSite","@id":"https:\/\/www.skalhelsinki.fi\/#website","url":"https:\/\/www.skalhelsinki.fi\/","name":"Sk\u00e5l Helsinki","description":"A creative production company","publisher":{"@id":"https:\/\/www.skalhelsinki.fi\/#organization"},"potentialAction":[{"@type":"SearchAction","target":{"@type":"EntryPoint","urlTemplate":"https:\/\/www.skalhelsinki.fi\/?s={search_term_string}"},"query-input":{"@type":"PropertyValueSpecification","valueRequired":true,"valueName":"search_term_string"}}],"inLanguage":"fi"},{"@type":"Organization","@id":"https:\/\/www.skalhelsinki.fi\/#organization","name":"Sk\u00e5l Helsinki","url":"https:\/\/www.skalhelsinki.fi\/","logo":{"@type":"ImageObject","inLanguage":"fi","@id":"https:\/\/www.skalhelsinki.fi\/#\/schema\/logo\/image\/","url":"https:\/\/www.skalhelsinki.fi\/wp-content\/uploads\/2020\/03\/cropped-android-chrome-512x512-1-1.png","contentUrl":"https:\/\/www.skalhelsinki.fi\/wp-content\/uploads\/2020\/03\/cropped-android-chrome-512x512-1-1.png","width":512,"height":512,"caption":"Sk\u00e5l Helsinki"},"image":{"@id":"https:\/\/www.skalhelsinki.fi\/#\/schema\/logo\/image\/"},"sameAs":["https:\/\/www.facebook.com\/skalhelsinki","https:\/\/www.instagram.com\/skalhelsinki\/","https:\/\/www.linkedin.com\/company\/skalhelsinki"]}]}},"_links":{"self":[{"href":"https:\/\/www.skalhelsinki.fi\/fi\/wp-json\/wp\/v2\/pages\/4491","targetHints":{"allow":["GET"]}}],"collection":[{"href":"https:\/\/www.skalhelsinki.fi\/fi\/wp-json\/wp\/v2\/pages"}],"about":[{"href":"https:\/\/www.skalhelsinki.fi\/fi\/wp-json\/wp\/v2\/types\/page"}],"author":[{"embeddable":true,"href":"https:\/\/www.skalhelsinki.fi\/fi\/wp-json\/wp\/v2\/users\/2"}],"replies":[{"embeddable":true,"href":"https:\/\/www.skalhelsinki.fi\/fi\/wp-json\/wp\/v2\/comments?post=4491"}],"version-history":[{"count":14,"href":"https:\/\/www.skalhelsinki.fi\/fi\/wp-json\/wp\/v2\/pages\/4491\/revisions"}],"predecessor-version":[{"id":6889,"href":"https:\/\/www.skalhelsinki.fi\/fi\/wp-json\/wp\/v2\/pages\/4491\/revisions\/6889"}],"wp:featuredmedia":[{"embeddable":true,"href":"https:\/\/www.skalhelsinki.fi\/fi\/wp-json\/wp\/v2\/media\/6506"}],"wp:attachment":[{"href":"https:\/\/www.skalhelsinki.fi\/fi\/wp-json\/wp\/v2\/media?parent=4491"}],"curies":[{"name":"wp","href":"https:\/\/api.w.org\/{rel}","templated":true}]}}