{"id":5592,"date":"2020-08-28T10:40:32","date_gmt":"2020-08-28T07:40:32","guid":{"rendered":"http:\/\/demo.wpzoom.com\/inspiro-video\/?page_id=5592"},"modified":"2025-08-06T15:31:34","modified_gmt":"2025-08-06T12:31:34","slug":"tekijat","status":"publish","type":"page","link":"https:\/\/www.skalhelsinki.fi\/fi\/tekijat\/","title":{"rendered":"Tekij\u00e4t"},"content":{"rendered":"<h2>\n\t\t\t\t\tMe olemme Sk\u00e5l Helsinki\n\t\t\t\t<\/h2>\n\t\t\t\t<figure>\n\t\t\t\t<img decoding=\"async\" src=\"https:\/\/www.skalhelsinki.fi\/wp-content\/uploads\/2022\/05\/tuukka_profile.jpg\" alt=\"Tuukka\" itemprop=\"image\"\/>\n\t\t\t\t\t\t<figcaption>\n\t\t\t\t<h2>\n\t\t\t\t\t\t\t\tTuukka Laitinen\n\t\t\t\t\t\t\t\t<\/h2>\n\t\t\t\tToimitusjohtaja \/ J\u00e4lkituotantovastaava\n\t\t\t\t\t\t\t\t\t<p><a href=\"tel:+358 40 595 1098\">+358 40 595 1098<\/a><br \/><a href=\"mailto:tuukka@skalhelsinki.fi\">tuukka@skalhelsinki.fi<\/a><\/p>\n\t\t\t\t\t\t\t<\/figcaption>\n\t\t<\/figure>\n\t\t\t\t<figure>\n\t\t\t\t<img decoding=\"async\" src=\"https:\/\/www.skalhelsinki.fi\/wp-content\/uploads\/2022\/05\/tobias_profile.jpg\" alt=\"Tuukka\" itemprop=\"image\"\/>\n\t\t\t\t\t\t<figcaption>\n\t\t\t\t<h2>\n\t\t\t\t\t\t\t\tTobias Andersson\n\t\t\t\t\t\t\t\t<\/h2>\n\t\t\t\tOhjaaja\n\t\t\t\t\t\t\t\t\t<p><a href=\"tel:+358 44 906 6604\">+358 44 906 6604<\/a><br \/><a href=\"mailto:tobias@skalhelsinki.fi\">tobias@skalhelsinki.fi<\/a><\/p>\n\t\t\t\t\t\t\t<\/figcaption>\n\t\t<\/figure>\n\t\t\t\t<figure>\n\t\t\t\t<img decoding=\"async\" src=\"https:\/\/www.skalhelsinki.fi\/wp-content\/uploads\/2022\/05\/cyrila_profile.jpg\" alt=\"Tuukka\" itemprop=\"image\"\/>\n\t\t\t\t\t\t<figcaption>\n\t\t\t\t<h2>\n\t\t\t\t\t\t\t\tCyrila Cibulka\n\t\t\t\t\t\t\t\t<\/h2>\n\t\t\t\tTuottaja\n\t\t\t\t\t\t\t\t\t<p><a href=\"tel:+358 50 355 7770\">+358 50 355 7770<\/a><br \/><a href=\"mailto:cyrila@skalhelsinki.fi\">cyrila@skalhelsinki.fi<\/a><\/p>\n\t\t\t\t\t\t\t<\/figcaption>\n\t\t<\/figure>","protected":false},"excerpt":{"rendered":"<p>Sk\u00e5l Helsinki on t\u00e4ynn\u00e4 innovatiivisia mainoselokuva-alan ammattilaisia.<\/p>","protected":false},"author":2,"featured_media":6509,"parent":0,"menu_order":0,"comment_status":"closed","ping_status":"closed","template":"page-templates\/full-width-builder.php","meta":{"inspiro_page_layout":"narrow","inspiro_hide_title":false,"footnotes":""},"class_list":["post-5592","page","type-page","status-publish","has-post-thumbnail","hentry"],"yoast_head":"<!-- This site is optimized with the Yoast SEO plugin v26.1.1 - https:\/\/yoast.com\/wordpress\/plugins\/seo\/ -->\n<title>Sk\u00e5l Helsinki - People - We are a creative production company<\/title>\n<meta name=\"description\" content=\"We are Sk\u00e5l Helsinki. A group of innovative creators and production professionals. Get to know more aboutus.\" \/>\n<meta name=\"robots\" content=\"index, follow, max-snippet:-1, max-image-preview:large, max-video-preview:-1\" \/>\n<link rel=\"canonical\" href=\"https:\/\/www.skalhelsinki.fi\/fi\/tekijat\/\" \/>\n<meta property=\"og:locale\" content=\"fi_FI\" \/>\n<meta property=\"og:type\" content=\"article\" \/>\n<meta property=\"og:title\" content=\"Sk\u00e5l Helsinki - People - We are a creative production company\" \/>\n<meta property=\"og:description\" content=\"We are Sk\u00e5l Helsinki. A group of innovative creators and production professionals. Get to know more aboutus.\" \/>\n<meta property=\"og:url\" content=\"https:\/\/www.skalhelsinki.fi\/fi\/tekijat\/\" \/>\n<meta property=\"og:site_name\" content=\"Sk\u00e5l Helsinki\" \/>\n<meta property=\"article:publisher\" content=\"https:\/\/www.facebook.com\/skalhelsinki\" \/>\n<meta property=\"article:modified_time\" content=\"2025-08-06T12:31:34+00:00\" \/>\n<meta property=\"og:image\" content=\"https:\/\/www.skalhelsinki.fi\/wp-content\/uploads\/2020\/08\/people.jpg\" \/>\n\t<meta property=\"og:image:width\" content=\"2560\" \/>\n\t<meta property=\"og:image:height\" content=\"1440\" \/>\n\t<meta property=\"og:image:type\" content=\"image\/jpeg\" \/>\n<meta name=\"twitter:card\" content=\"summary_large_image\" \/>\n<script type=\"application\/ld+json\" class=\"yoast-schema-graph\">{\"@context\":\"https:\/\/schema.org\",\"@graph\":[{\"@type\":\"WebPage\",\"@id\":\"https:\/\/www.skalhelsinki.fi\/people\/\",\"url\":\"https:\/\/www.skalhelsinki.fi\/people\/\",\"name\":\"Sk\u00e5l Helsinki - People - We are a creative production company\",\"isPartOf\":{\"@id\":\"https:\/\/www.skalhelsinki.fi\/#website\"},\"primaryImageOfPage\":{\"@id\":\"https:\/\/www.skalhelsinki.fi\/people\/#primaryimage\"},\"image\":{\"@id\":\"https:\/\/www.skalhelsinki.fi\/people\/#primaryimage\"},\"thumbnailUrl\":\"https:\/\/www.skalhelsinki.fi\/wp-content\/uploads\/2020\/08\/people.jpg\",\"datePublished\":\"2020-08-28T07:40:32+00:00\",\"dateModified\":\"2025-08-06T12:31:34+00:00\",\"description\":\"We are Sk\u00e5l Helsinki. A group of innovative creators and production professionals. Get to know more aboutus.\",\"breadcrumb\":{\"@id\":\"https:\/\/www.skalhelsinki.fi\/people\/#breadcrumb\"},\"inLanguage\":\"fi\",\"potentialAction\":[{\"@type\":\"ReadAction\",\"target\":[\"https:\/\/www.skalhelsinki.fi\/people\/\"]}]},{\"@type\":\"ImageObject\",\"inLanguage\":\"fi\",\"@id\":\"https:\/\/www.skalhelsinki.fi\/people\/#primaryimage\",\"url\":\"https:\/\/www.skalhelsinki.fi\/wp-content\/uploads\/2020\/08\/people.jpg\",\"contentUrl\":\"https:\/\/www.skalhelsinki.fi\/wp-content\/uploads\/2020\/08\/people.jpg\",\"width\":2560,\"height\":1440},{\"@type\":\"BreadcrumbList\",\"@id\":\"https:\/\/www.skalhelsinki.fi\/people\/#breadcrumb\",\"itemListElement\":[{\"@type\":\"ListItem\",\"position\":1,\"name\":\"Home\",\"item\":\"https:\/\/www.skalhelsinki.fi\/\"},{\"@type\":\"ListItem\",\"position\":2,\"name\":\"People\"}]},{\"@type\":\"WebSite\",\"@id\":\"https:\/\/www.skalhelsinki.fi\/#website\",\"url\":\"https:\/\/www.skalhelsinki.fi\/\",\"name\":\"Sk\u00e5l Helsinki\",\"description\":\"A creative production company\",\"publisher\":{\"@id\":\"https:\/\/www.skalhelsinki.fi\/#organization\"},\"potentialAction\":[{\"@type\":\"SearchAction\",\"target\":{\"@type\":\"EntryPoint\",\"urlTemplate\":\"https:\/\/www.skalhelsinki.fi\/?s={search_term_string}\"},\"query-input\":{\"@type\":\"PropertyValueSpecification\",\"valueRequired\":true,\"valueName\":\"search_term_string\"}}],\"inLanguage\":\"fi\"},{\"@type\":\"Organization\",\"@id\":\"https:\/\/www.skalhelsinki.fi\/#organization\",\"name\":\"Sk\u00e5l Helsinki\",\"url\":\"https:\/\/www.skalhelsinki.fi\/\",\"logo\":{\"@type\":\"ImageObject\",\"inLanguage\":\"fi\",\"@id\":\"https:\/\/www.skalhelsinki.fi\/#\/schema\/logo\/image\/\",\"url\":\"https:\/\/www.skalhelsinki.fi\/wp-content\/uploads\/2020\/03\/cropped-android-chrome-512x512-1-1.png\",\"contentUrl\":\"https:\/\/www.skalhelsinki.fi\/wp-content\/uploads\/2020\/03\/cropped-android-chrome-512x512-1-1.png\",\"width\":512,\"height\":512,\"caption\":\"Sk\u00e5l Helsinki\"},\"image\":{\"@id\":\"https:\/\/www.skalhelsinki.fi\/#\/schema\/logo\/image\/\"},\"sameAs\":[\"https:\/\/www.facebook.com\/skalhelsinki\",\"https:\/\/www.instagram.com\/skalhelsinki\/\",\"https:\/\/www.linkedin.com\/company\/skalhelsinki\"]}]}<\/script>\n<!-- \/ Yoast SEO plugin. -->","yoast_head_json":{"title":"Sk\u00e5l Helsinki - People - We are a creative production company","description":"Sk\u00e5l Helsinki on t\u00e4ynn\u00e4 innovatiivisia mainoselokuva-alan ammattilaisia.","robots":{"index":"index","follow":"follow","max-snippet":"max-snippet:-1","max-image-preview":"max-image-preview:large","max-video-preview":"max-video-preview:-1"},"canonical":"https:\/\/www.skalhelsinki.fi\/fi\/tekijat\/","og_locale":"fi_FI","og_type":"article","og_title":"Sk\u00e5l Helsinki - People - We are a creative production company","og_description":"We are Sk\u00e5l Helsinki. A group of innovative creators and production professionals. Get to know more aboutus.","og_url":"https:\/\/www.skalhelsinki.fi\/fi\/tekijat\/","og_site_name":"Sk\u00e5l Helsinki","article_publisher":"https:\/\/www.facebook.com\/skalhelsinki","article_modified_time":"2025-08-06T12:31:34+00:00","og_image":[{"width":2560,"height":1440,"url":"https:\/\/www.skalhelsinki.fi\/wp-content\/uploads\/2020\/08\/people.jpg","type":"image\/jpeg"}],"twitter_card":"summary_large_image","schema":{"@context":"https:\/\/schema.org","@graph":[{"@type":"WebPage","@id":"https:\/\/www.skalhelsinki.fi\/people\/","url":"https:\/\/www.skalhelsinki.fi\/people\/","name":"Sk\u00e5l Helsinki - People - We are a creative production company","isPartOf":{"@id":"https:\/\/www.skalhelsinki.fi\/#website"},"primaryImageOfPage":{"@id":"https:\/\/www.skalhelsinki.fi\/people\/#primaryimage"},"image":{"@id":"https:\/\/www.skalhelsinki.fi\/people\/#primaryimage"},"thumbnailUrl":"https:\/\/www.skalhelsinki.fi\/wp-content\/uploads\/2020\/08\/people.jpg","datePublished":"2020-08-28T07:40:32+00:00","dateModified":"2025-08-06T12:31:34+00:00","description":"Sk\u00e5l Helsinki on t\u00e4ynn\u00e4 innovatiivisia mainoselokuva-alan ammattilaisia.","breadcrumb":{"@id":"https:\/\/www.skalhelsinki.fi\/people\/#breadcrumb"},"inLanguage":"fi","potentialAction":[{"@type":"ReadAction","target":["https:\/\/www.skalhelsinki.fi\/people\/"]}]},{"@type":"ImageObject","inLanguage":"fi","@id":"https:\/\/www.skalhelsinki.fi\/people\/#primaryimage","url":"https:\/\/www.skalhelsinki.fi\/wp-content\/uploads\/2020\/08\/people.jpg","contentUrl":"https:\/\/www.skalhelsinki.fi\/wp-content\/uploads\/2020\/08\/people.jpg","width":2560,"height":1440},{"@type":"BreadcrumbList","@id":"https:\/\/www.skalhelsinki.fi\/people\/#breadcrumb","itemListElement":[{"@type":"ListItem","position":1,"name":"Home","item":"https:\/\/www.skalhelsinki.fi\/"},{"@type":"ListItem","position":2,"name":"People"}]},{"@type":"WebSite","@id":"https:\/\/www.skalhelsinki.fi\/#website","url":"https:\/\/www.skalhelsinki.fi\/","name":"Sk\u00e5l Helsinki","description":"A creative production company","publisher":{"@id":"https:\/\/www.skalhelsinki.fi\/#organization"},"potentialAction":[{"@type":"SearchAction","target":{"@type":"EntryPoint","urlTemplate":"https:\/\/www.skalhelsinki.fi\/?s={search_term_string}"},"query-input":{"@type":"PropertyValueSpecification","valueRequired":true,"valueName":"search_term_string"}}],"inLanguage":"fi"},{"@type":"Organization","@id":"https:\/\/www.skalhelsinki.fi\/#organization","name":"Sk\u00e5l Helsinki","url":"https:\/\/www.skalhelsinki.fi\/","logo":{"@type":"ImageObject","inLanguage":"fi","@id":"https:\/\/www.skalhelsinki.fi\/#\/schema\/logo\/image\/","url":"https:\/\/www.skalhelsinki.fi\/wp-content\/uploads\/2020\/03\/cropped-android-chrome-512x512-1-1.png","contentUrl":"https:\/\/www.skalhelsinki.fi\/wp-content\/uploads\/2020\/03\/cropped-android-chrome-512x512-1-1.png","width":512,"height":512,"caption":"Sk\u00e5l Helsinki"},"image":{"@id":"https:\/\/www.skalhelsinki.fi\/#\/schema\/logo\/image\/"},"sameAs":["https:\/\/www.facebook.com\/skalhelsinki","https:\/\/www.instagram.com\/skalhelsinki\/","https:\/\/www.linkedin.com\/company\/skalhelsinki"]}]}},"_links":{"self":[{"href":"https:\/\/www.skalhelsinki.fi\/fi\/wp-json\/wp\/v2\/pages\/5592","targetHints":{"allow":["GET"]}}],"collection":[{"href":"https:\/\/www.skalhelsinki.fi\/fi\/wp-json\/wp\/v2\/pages"}],"about":[{"href":"https:\/\/www.skalhelsinki.fi\/fi\/wp-json\/wp\/v2\/types\/page"}],"author":[{"embeddable":true,"href":"https:\/\/www.skalhelsinki.fi\/fi\/wp-json\/wp\/v2\/users\/2"}],"replies":[{"embeddable":true,"href":"https:\/\/www.skalhelsinki.fi\/fi\/wp-json\/wp\/v2\/comments?post=5592"}],"version-history":[{"count":28,"href":"https:\/\/www.skalhelsinki.fi\/fi\/wp-json\/wp\/v2\/pages\/5592\/revisions"}],"predecessor-version":[{"id":7091,"href":"https:\/\/www.skalhelsinki.fi\/fi\/wp-json\/wp\/v2\/pages\/5592\/revisions\/7091"}],"wp:featuredmedia":[{"embeddable":true,"href":"https:\/\/www.skalhelsinki.fi\/fi\/wp-json\/wp\/v2\/media\/6509"}],"wp:attachment":[{"href":"https:\/\/www.skalhelsinki.fi\/fi\/wp-json\/wp\/v2\/media?parent=5592"}],"curies":[{"name":"wp","href":"https:\/\/api.w.org\/{rel}","templated":true}]}}