{"id":7272,"date":"2025-10-27T10:42:55","date_gmt":"2025-10-27T08:42:55","guid":{"rendered":"https:\/\/www.skalhelsinki.fi\/?page_id=7272"},"modified":"2025-10-29T10:10:32","modified_gmt":"2025-10-29T08:10:32","slug":"film-production","status":"publish","type":"page","link":"https:\/\/www.skalhelsinki.fi\/fi\/palvelut-2\/film-production\/","title":{"rendered":"Videotuotanto"},"content":{"rendered":"<h3>\n\t\t\t\t\tIDEASTA VAIKUTUKSEN TEKEMISEEN\n\t\t\t\t<\/h3>\n\tAt Sk\u00e5l Helsinki, we believe every great video starts with a powerful idea. Whether it&#8217;s a cinematic brand film, a product commercial, or a communication film, we transform concepts into captivating visual stories that engage, inspire, and leave a lasting impression.\n<strong data-start=\"593\" data-end=\"610\">Collaboration<\/strong>\u00a0is the key. As it is no secret we have deep roots in advertising, we take the time to understand your vision, audience, and goals &#8211; shaping your idea into a clear creative video concept and production plan. Our team takes care of everything: <strong data-start=\"803\" data-end=\"931\">scriptwriting, storyboarding, casting, location scouting, filming, editing, visual effects, color grading, motion graphics, and sound design<\/strong>.\nBecause every stage of the process happens under one roof, we maintain complete creative control and ensure consistent quality from the first spark of inspiration to the final frame. Our producers, directors and editors work hand in hand to craft videos that not only look stunning but also deliver your message with precision and emotion.\nWhen the final product is ready, we deliver it in the format you need.<br \/>\nOptimized for broadcast, web, or social media &#8211; ready to make an impact.\nAnd speaking of an impact, check below what we have been working on lately.\n\t<iframe loading=\"lazy\" title=\"Sk\u00e5l Showreel 2025 (embeddable)\" src=\"https:\/\/player.vimeo.com\/video\/1117005934?dnt=1&amp;app_id=122963\" width=\"930\" height=\"523\" frameborder=\"0\" allow=\"autoplay; fullscreen; picture-in-picture; clipboard-write; encrypted-media; web-share\" referrerpolicy=\"strict-origin-when-cross-origin\"><\/iframe>\n\t\t\t<a  href=\"http:\/\/www.skalhelsinki.fi\/fi\/yhteystiedot\/\" target=\"_self\" role=\"button\">\n\t\t\t\t\t\tOTA YHTEYTT\u00c4\n\t\t<\/a>","protected":false},"excerpt":{"rendered":"<p>Sk\u00e5l Helsinki on moderni ja luova digitaalisen ajan tuotantoyhti\u00f6. Ymm\u00e4rr\u00e4mme modernin tarinankerronnan vaatimukset. <\/p>","protected":false},"author":2,"featured_media":6210,"parent":6893,"menu_order":0,"comment_status":"closed","ping_status":"closed","template":"","meta":{"inspiro_page_layout":"narrow","inspiro_hide_title":false,"footnotes":""},"class_list":["post-7272","page","type-page","status-publish","has-post-thumbnail","hentry"],"yoast_head":"<!-- This site is optimized with the Yoast SEO plugin v26.1.1 - https:\/\/yoast.com\/wordpress\/plugins\/seo\/ -->\n<title>Sk\u00e5l Helsinki - Film production - We are a creative production company<\/title>\n<meta name=\"description\" content=\"Sk\u00e5l Helsinki is a creative production company of the modern digital age. We understand the needs of modern storytelling.\" \/>\n<meta name=\"robots\" content=\"index, follow, max-snippet:-1, max-image-preview:large, max-video-preview:-1\" \/>\n<link rel=\"canonical\" href=\"https:\/\/www.skalhelsinki.fi\/fi\/palvelut-2\/film-production\/\" \/>\n<meta property=\"og:locale\" content=\"fi_FI\" \/>\n<meta property=\"og:type\" content=\"article\" \/>\n<meta property=\"og:title\" content=\"Sk\u00e5l Helsinki - Film production - We are a creative production company\" \/>\n<meta property=\"og:description\" content=\"Sk\u00e5l Helsinki is a creative production company of the modern digital age. We understand the needs of modern storytelling.\" \/>\n<meta property=\"og:url\" content=\"https:\/\/www.skalhelsinki.fi\/fi\/palvelut-2\/film-production\/\" \/>\n<meta property=\"og:site_name\" content=\"Sk\u00e5l Helsinki\" \/>\n<meta property=\"article:publisher\" content=\"https:\/\/www.facebook.com\/skalhelsinki\" \/>\n<meta property=\"article:modified_time\" content=\"2025-10-29T08:10:32+00:00\" \/>\n<meta property=\"og:image\" content=\"https:\/\/www.skalhelsinki.fi\/wp-content\/uploads\/2020\/03\/services-1.jpg\" \/>\n\t<meta property=\"og:image:width\" content=\"2560\" \/>\n\t<meta property=\"og:image:height\" content=\"1440\" \/>\n\t<meta property=\"og:image:type\" content=\"image\/jpeg\" \/>\n<meta name=\"twitter:card\" content=\"summary_large_image\" \/>\n<meta name=\"twitter:label1\" content=\"Arvioitu lukuaika\" \/>\n\t<meta name=\"twitter:data1\" content=\"2 minuuttia\" \/>\n<script type=\"application\/ld+json\" class=\"yoast-schema-graph\">{\"@context\":\"https:\/\/schema.org\",\"@graph\":[{\"@type\":[\"WebPage\",\"AboutPage\"],\"@id\":\"https:\/\/www.skalhelsinki.fi\/services\/film-production\/\",\"url\":\"https:\/\/www.skalhelsinki.fi\/services\/film-production\/\",\"name\":\"Sk\u00e5l Helsinki - Film production - We are a creative production company\",\"isPartOf\":{\"@id\":\"https:\/\/www.skalhelsinki.fi\/#website\"},\"primaryImageOfPage\":{\"@id\":\"https:\/\/www.skalhelsinki.fi\/services\/film-production\/#primaryimage\"},\"image\":{\"@id\":\"https:\/\/www.skalhelsinki.fi\/services\/film-production\/#primaryimage\"},\"thumbnailUrl\":\"https:\/\/www.skalhelsinki.fi\/wp-content\/uploads\/2020\/03\/services-1.jpg\",\"datePublished\":\"2025-10-27T08:42:55+00:00\",\"dateModified\":\"2025-10-29T08:10:32+00:00\",\"description\":\"Sk\u00e5l Helsinki is a creative production company of the modern digital age. We understand the needs of modern storytelling.\",\"breadcrumb\":{\"@id\":\"https:\/\/www.skalhelsinki.fi\/services\/film-production\/#breadcrumb\"},\"inLanguage\":\"fi\",\"potentialAction\":[{\"@type\":\"ReadAction\",\"target\":[\"https:\/\/www.skalhelsinki.fi\/services\/film-production\/\"]}]},{\"@type\":\"ImageObject\",\"inLanguage\":\"fi\",\"@id\":\"https:\/\/www.skalhelsinki.fi\/services\/film-production\/#primaryimage\",\"url\":\"https:\/\/www.skalhelsinki.fi\/wp-content\/uploads\/2020\/03\/services-1.jpg\",\"contentUrl\":\"https:\/\/www.skalhelsinki.fi\/wp-content\/uploads\/2020\/03\/services-1.jpg\",\"width\":2560,\"height\":1440},{\"@type\":\"BreadcrumbList\",\"@id\":\"https:\/\/www.skalhelsinki.fi\/services\/film-production\/#breadcrumb\",\"itemListElement\":[{\"@type\":\"ListItem\",\"position\":1,\"name\":\"Home\",\"item\":\"https:\/\/www.skalhelsinki.fi\/\"},{\"@type\":\"ListItem\",\"position\":2,\"name\":\"Services\",\"item\":\"https:\/\/www.skalhelsinki.fi\/services\/\"},{\"@type\":\"ListItem\",\"position\":3,\"name\":\"Film production\"}]},{\"@type\":\"WebSite\",\"@id\":\"https:\/\/www.skalhelsinki.fi\/#website\",\"url\":\"https:\/\/www.skalhelsinki.fi\/\",\"name\":\"Sk\u00e5l Helsinki\",\"description\":\"A creative production company\",\"publisher\":{\"@id\":\"https:\/\/www.skalhelsinki.fi\/#organization\"},\"potentialAction\":[{\"@type\":\"SearchAction\",\"target\":{\"@type\":\"EntryPoint\",\"urlTemplate\":\"https:\/\/www.skalhelsinki.fi\/?s={search_term_string}\"},\"query-input\":{\"@type\":\"PropertyValueSpecification\",\"valueRequired\":true,\"valueName\":\"search_term_string\"}}],\"inLanguage\":\"fi\"},{\"@type\":\"Organization\",\"@id\":\"https:\/\/www.skalhelsinki.fi\/#organization\",\"name\":\"Sk\u00e5l Helsinki\",\"url\":\"https:\/\/www.skalhelsinki.fi\/\",\"logo\":{\"@type\":\"ImageObject\",\"inLanguage\":\"fi\",\"@id\":\"https:\/\/www.skalhelsinki.fi\/#\/schema\/logo\/image\/\",\"url\":\"https:\/\/www.skalhelsinki.fi\/wp-content\/uploads\/2020\/03\/cropped-android-chrome-512x512-1-1.png\",\"contentUrl\":\"https:\/\/www.skalhelsinki.fi\/wp-content\/uploads\/2020\/03\/cropped-android-chrome-512x512-1-1.png\",\"width\":512,\"height\":512,\"caption\":\"Sk\u00e5l Helsinki\"},\"image\":{\"@id\":\"https:\/\/www.skalhelsinki.fi\/#\/schema\/logo\/image\/\"},\"sameAs\":[\"https:\/\/www.facebook.com\/skalhelsinki\",\"https:\/\/www.instagram.com\/skalhelsinki\/\",\"https:\/\/www.linkedin.com\/company\/skalhelsinki\"]}]}<\/script>\n<!-- \/ Yoast SEO plugin. -->","yoast_head_json":{"title":"Sk\u00e5l Helsinki - Film production - We are a creative production company","description":"Sk\u00e5l Helsinki on moderni ja luova digitaalisen ajan tuotantoyhti\u00f6. Ymm\u00e4rr\u00e4mme modernin tarinankerronnan vaatimukset.","robots":{"index":"index","follow":"follow","max-snippet":"max-snippet:-1","max-image-preview":"max-image-preview:large","max-video-preview":"max-video-preview:-1"},"canonical":"https:\/\/www.skalhelsinki.fi\/fi\/palvelut-2\/film-production\/","og_locale":"fi_FI","og_type":"article","og_title":"Sk\u00e5l Helsinki - Film production - We are a creative production company","og_description":"Sk\u00e5l Helsinki is a creative production company of the modern digital age. We understand the needs of modern storytelling.","og_url":"https:\/\/www.skalhelsinki.fi\/fi\/palvelut-2\/film-production\/","og_site_name":"Sk\u00e5l Helsinki","article_publisher":"https:\/\/www.facebook.com\/skalhelsinki","article_modified_time":"2025-10-29T08:10:32+00:00","og_image":[{"width":2560,"height":1440,"url":"https:\/\/www.skalhelsinki.fi\/wp-content\/uploads\/2020\/03\/services-1.jpg","type":"image\/jpeg"}],"twitter_card":"summary_large_image","twitter_misc":{"Arvioitu lukuaika":"2 minuuttia"},"schema":{"@context":"https:\/\/schema.org","@graph":[{"@type":["WebPage","AboutPage"],"@id":"https:\/\/www.skalhelsinki.fi\/services\/film-production\/","url":"https:\/\/www.skalhelsinki.fi\/services\/film-production\/","name":"Sk\u00e5l Helsinki - Film production - We are a creative production company","isPartOf":{"@id":"https:\/\/www.skalhelsinki.fi\/#website"},"primaryImageOfPage":{"@id":"https:\/\/www.skalhelsinki.fi\/services\/film-production\/#primaryimage"},"image":{"@id":"https:\/\/www.skalhelsinki.fi\/services\/film-production\/#primaryimage"},"thumbnailUrl":"https:\/\/www.skalhelsinki.fi\/wp-content\/uploads\/2020\/03\/services-1.jpg","datePublished":"2025-10-27T08:42:55+00:00","dateModified":"2025-10-29T08:10:32+00:00","description":"Sk\u00e5l Helsinki on moderni ja luova digitaalisen ajan tuotantoyhti\u00f6. Ymm\u00e4rr\u00e4mme modernin tarinankerronnan vaatimukset.","breadcrumb":{"@id":"https:\/\/www.skalhelsinki.fi\/services\/film-production\/#breadcrumb"},"inLanguage":"fi","potentialAction":[{"@type":"ReadAction","target":["https:\/\/www.skalhelsinki.fi\/services\/film-production\/"]}]},{"@type":"ImageObject","inLanguage":"fi","@id":"https:\/\/www.skalhelsinki.fi\/services\/film-production\/#primaryimage","url":"https:\/\/www.skalhelsinki.fi\/wp-content\/uploads\/2020\/03\/services-1.jpg","contentUrl":"https:\/\/www.skalhelsinki.fi\/wp-content\/uploads\/2020\/03\/services-1.jpg","width":2560,"height":1440},{"@type":"BreadcrumbList","@id":"https:\/\/www.skalhelsinki.fi\/services\/film-production\/#breadcrumb","itemListElement":[{"@type":"ListItem","position":1,"name":"Home","item":"https:\/\/www.skalhelsinki.fi\/"},{"@type":"ListItem","position":2,"name":"Services","item":"https:\/\/www.skalhelsinki.fi\/services\/"},{"@type":"ListItem","position":3,"name":"Film production"}]},{"@type":"WebSite","@id":"https:\/\/www.skalhelsinki.fi\/#website","url":"https:\/\/www.skalhelsinki.fi\/","name":"Sk\u00e5l Helsinki","description":"A creative production company","publisher":{"@id":"https:\/\/www.skalhelsinki.fi\/#organization"},"potentialAction":[{"@type":"SearchAction","target":{"@type":"EntryPoint","urlTemplate":"https:\/\/www.skalhelsinki.fi\/?s={search_term_string}"},"query-input":{"@type":"PropertyValueSpecification","valueRequired":true,"valueName":"search_term_string"}}],"inLanguage":"fi"},{"@type":"Organization","@id":"https:\/\/www.skalhelsinki.fi\/#organization","name":"Sk\u00e5l Helsinki","url":"https:\/\/www.skalhelsinki.fi\/","logo":{"@type":"ImageObject","inLanguage":"fi","@id":"https:\/\/www.skalhelsinki.fi\/#\/schema\/logo\/image\/","url":"https:\/\/www.skalhelsinki.fi\/wp-content\/uploads\/2020\/03\/cropped-android-chrome-512x512-1-1.png","contentUrl":"https:\/\/www.skalhelsinki.fi\/wp-content\/uploads\/2020\/03\/cropped-android-chrome-512x512-1-1.png","width":512,"height":512,"caption":"Sk\u00e5l Helsinki"},"image":{"@id":"https:\/\/www.skalhelsinki.fi\/#\/schema\/logo\/image\/"},"sameAs":["https:\/\/www.facebook.com\/skalhelsinki","https:\/\/www.instagram.com\/skalhelsinki\/","https:\/\/www.linkedin.com\/company\/skalhelsinki"]}]}},"_links":{"self":[{"href":"https:\/\/www.skalhelsinki.fi\/fi\/wp-json\/wp\/v2\/pages\/7272","targetHints":{"allow":["GET"]}}],"collection":[{"href":"https:\/\/www.skalhelsinki.fi\/fi\/wp-json\/wp\/v2\/pages"}],"about":[{"href":"https:\/\/www.skalhelsinki.fi\/fi\/wp-json\/wp\/v2\/types\/page"}],"author":[{"embeddable":true,"href":"https:\/\/www.skalhelsinki.fi\/fi\/wp-json\/wp\/v2\/users\/2"}],"replies":[{"embeddable":true,"href":"https:\/\/www.skalhelsinki.fi\/fi\/wp-json\/wp\/v2\/comments?post=7272"}],"version-history":[{"count":4,"href":"https:\/\/www.skalhelsinki.fi\/fi\/wp-json\/wp\/v2\/pages\/7272\/revisions"}],"predecessor-version":[{"id":7278,"href":"https:\/\/www.skalhelsinki.fi\/fi\/wp-json\/wp\/v2\/pages\/7272\/revisions\/7278"}],"up":[{"embeddable":true,"href":"https:\/\/www.skalhelsinki.fi\/fi\/wp-json\/wp\/v2\/pages\/6893"}],"wp:featuredmedia":[{"embeddable":true,"href":"https:\/\/www.skalhelsinki.fi\/fi\/wp-json\/wp\/v2\/media\/6210"}],"wp:attachment":[{"href":"https:\/\/www.skalhelsinki.fi\/fi\/wp-json\/wp\/v2\/media?parent=7272"}],"curies":[{"name":"wp","href":"https:\/\/api.w.org\/{rel}","templated":true}]}}